{"id":219,"date":"2019-10-04T20:54:09","date_gmt":"2019-10-04T18:54:09","guid":{"rendered":"https:\/\/sitkatheme.com\/minimal\/?page_id=219"},"modified":"2022-05-24T09:53:27","modified_gmt":"2022-05-24T07:53:27","slug":"about-me","status":"publish","type":"page","link":"https:\/\/warsztatyumierania.pl\/?page_id=219","title":{"rendered":"o mnie"},"content":{"rendered":"\n<div class=\"wp-block-columns alignwide has-2-columns is-layout-flex wp-container-core-columns-is-layout-9d6595d7 wp-block-columns-is-layout-flex\">\n<div class=\"wp-block-column is-layout-flow wp-block-column-is-layout-flow\">\n<p>Nazywam si\u0119 Katarzyna Boni. Jestem reporterk\u0105 i pisark\u0105. Razem z Wojciechem Tochmanem napisa\u0142am \u201cKontener\u201d \u2013 ksi\u0105\u017ck\u0119 o \u017cyciu syryjskich uchod\u017ac\u00f3w w obozie w Jordanii. Niedawno wyda\u0142am r\u00f3wnie\u017c \u201cAuroville. Miasto z marze\u0144\u201d \u2013 ksi\u0105\u017ck\u0119, kt\u00f3ra opowiada o pr\u00f3bie realizacji utopii \u2013 w ma\u0142ym miasteczku na po\u0142udniu Indii. Od pi\u0119\u0107dziesi\u0119ciu lat bior\u0105 w niej udzia\u0142 ludzie z ca\u0142ego \u015bwiata. Przez rok mieszka\u0142am razem z nimi i sprawdza\u0142am, co si\u0119 uda\u0142o, a co nie \u2013 po cichu licz\u0105c na to, \u017ce aurovillanom uda\u0142o si\u0119 znale\u017a\u0107 recept\u0119 na zbawienie \u015bwiata.<\/p>\n\n\n\n<p>Jestem r\u00f3wnie\u017c autork\u0105 ksi\u0105\u017cki \u201cGanbare! Warsztaty umierania\u201d, kt\u00f3ra opowiada o \u017cyciu w Japonii po potr\u00f3jnej katastrofie. I to ona spowodowa\u0142a, \u017ce dzisiaj prowadz\u0119 warsztaty umierania.<\/p>\n\n\n\n<p>Do Japonii je\u017cd\u017c\u0119 regularnie od czerwca 2011 roku. Wcale nie mia\u0142am zamiaru pisa\u0107 o tsunami i ska\u017conych terenach po wybuchach w elektrowni Fukushima Daiichi \u2013 wydawa\u0142o mi si\u0119, \u017ce wszystko zosta\u0142o ju\u017c powiedziane. Ale kiedy trzy lata p\u00f3\u017aniej dowiedzia\u0142am si\u0119, \u017ce w Japonii ludzie ci\u0105gle \u017cyj\u0105 w domach tymczasowych (czyli kontenerach) i widz\u0105 duchy \u2013 zrozumia\u0142am, \u017ce cho\u0107 pokazano groz\u0119 tsunami i wybuch\u00f3w w elektrowni atomowej, to jeszcze nie opowiedziano o tym, jak sobie z t\u0105 groz\u0105 radzi\u0107. Kiedy po raz kolejny wraca\u0142am do Japonii, wiedzia\u0142am ju\u017c, \u017ce b\u0119d\u0119 chcia\u0142a napisa\u0107 ksi\u0105\u017ck\u0119 o tym, jak radzi si\u0119 sobie tutaj ze strat\u0105, traum\u0105 i \u015bmierci\u0105.<\/p>\n\n\n\n<p>To wtedy po raz pierwszy us\u0142ysza\u0142am o warsztatach umierania. Rok p\u00f3\u017aniej wzi\u0119\u0142am w nich udzia\u0142. Po powrocie do Polski zacz\u0119\u0142am je organizowa\u0107 dla znajomych \u2013 \u017ceby podzieli\u0107 si\u0119 do\u015bwiadczeniem, kt\u00f3re pomog\u0142o mi odkry\u0107, co jest dla mnie wa\u017cne i czym chc\u0119 si\u0119 kierowa\u0107 przez najbli\u017csze lata. Z czasem coraz wi\u0119cej ludzi prosi\u0142o o organizacj\u0119 warsztat\u00f3w. Robi\u0142am je i dla pi\u0119ciu i dla stu os\u00f3b, w Polsce i za granic\u0105, w wielkich aulach, na polu i w \u015bredniowiecznych podziemiach.<\/p>\n\n\n\n<p>Teraz warsztaty przenosz\u0105 si\u0119 do internetu.<\/p>\n\n\n\n<p>Serdecznie na nie zapraszam.<\/p>\n\n\n\n<p>(wi\u0119cej o mnie i moich ksi\u0105\u017ckach przeczytacie na&nbsp;<a href=\"https:\/\/katarzynaboni.com\/o-mnie\/\">www.katarzynaboni.com<\/a>)<\/p>\n\n\n\n<div class=\"wp-block-image\"><figure class=\"aligncenter size-full\"><img loading=\"lazy\" decoding=\"async\" width=\"683\" height=\"1024\" src=\"https:\/\/warsztatyumierania.pl\/wp-content\/uploads\/2022\/05\/Katrazyna-Boni.-photo-by-Dominika-Plon\u0301ska.jpg\" alt=\"\" class=\"wp-image-1480\" srcset=\"https:\/\/warsztatyumierania.pl\/wp-content\/uploads\/2022\/05\/Katrazyna-Boni.-photo-by-Dominika-Plon\u0301ska.jpg 683w, https:\/\/warsztatyumierania.pl\/wp-content\/uploads\/2022\/05\/Katrazyna-Boni.-photo-by-Dominika-Plon\u0301ska-200x300.jpg 200w\" sizes=\"auto, (max-width: 683px) 100vw, 683px\" \/><\/figure><\/div>\n\n\n\n<p><\/p>\n\n\n\n<p class=\"has-text-align-center\">*<\/p>\n\n\n\n<p class=\"has-text-align-left\">Ko\u0144czy\u0142am studia w Instytucie Kultury Polskiej na warszawskim Uniwersytecie i Psychologi\u0119 Spo\u0142eczn\u0105 na SWPS.<\/p>\n\n\n\n<p class=\"has-text-align-left\">Warsztaty umierania prowadz\u0119 od 2017 roku. Nie s\u0105 one warsztatami terapeutycznymi tylko rozwojowymi.<\/p>\n<\/div>\n<\/div>\n","protected":false},"excerpt":{"rendered":"<p>Nazywam si\u0119 Katarzyna Boni. Jestem reporterk\u0105 i pisark\u0105. Razem z Wojciechem Tochmanem napisa\u0142am \u201cKontener\u201d \u2013 ksi\u0105\u017ck\u0119 o \u017cyciu syryjskich uchod\u017ac\u00f3w w obozie w Jordanii. Niedawno wyda\u0142am r\u00f3wnie\u017c \u201cAuroville. Miasto z marze\u0144\u201d \u2013 ksi\u0105\u017ck\u0119, kt\u00f3ra opowiada o pr\u00f3bie realizacji utopii \u2013 w ma\u0142ym miasteczku na po\u0142udniu Indii. Od pi\u0119\u0107dziesi\u0119ciu lat bior\u0105 w niej udzia\u0142 ludzie z ca\u0142ego \u015bwiata. Przez rok mieszka\u0142am razem z nimi i sprawdza\u0142am, co si\u0119 uda\u0142o, a co nie \u2013 po cichu licz\u0105c na to, \u017ce aurovillanom uda\u0142o si\u0119 znale\u017a\u0107 recept\u0119 na zbawienie \u015bwiata. Jestem r\u00f3wnie\u017c autork\u0105 ksi\u0105\u017cki \u201cGanbare! Warsztaty umierania\u201d, kt\u00f3ra opowiada o \u017cyciu w Japonii po potr\u00f3jnej katastrofie. I to ona spowodowa\u0142a, \u017ce dzisiaj prowadz\u0119 warsztaty umierania. Do Japonii je\u017cd\u017c\u0119 regularnie od czerwca 2011 roku. Wcale nie mia\u0142am zamiaru pisa\u0107 o tsunami i ska\u017conych terenach po wybuchach w elektrowni Fukushima Daiichi [&hellip;]<\/p>\n","protected":false},"author":1,"featured_media":1485,"parent":0,"menu_order":0,"comment_status":"closed","ping_status":"closed","template":"","meta":{"footnotes":""},"class_list":["post-219","page","type-page","status-publish","has-post-thumbnail","hentry"],"acf":[],"_links":{"self":[{"href":"https:\/\/warsztatyumierania.pl\/index.php?rest_route=\/wp\/v2\/pages\/219","targetHints":{"allow":["GET"]}}],"collection":[{"href":"https:\/\/warsztatyumierania.pl\/index.php?rest_route=\/wp\/v2\/pages"}],"about":[{"href":"https:\/\/warsztatyumierania.pl\/index.php?rest_route=\/wp\/v2\/types\/page"}],"author":[{"embeddable":true,"href":"https:\/\/warsztatyumierania.pl\/index.php?rest_route=\/wp\/v2\/users\/1"}],"replies":[{"embeddable":true,"href":"https:\/\/warsztatyumierania.pl\/index.php?rest_route=%2Fwp%2Fv2%2Fcomments&post=219"}],"version-history":[{"count":17,"href":"https:\/\/warsztatyumierania.pl\/index.php?rest_route=\/wp\/v2\/pages\/219\/revisions"}],"predecessor-version":[{"id":1552,"href":"https:\/\/warsztatyumierania.pl\/index.php?rest_route=\/wp\/v2\/pages\/219\/revisions\/1552"}],"wp:featuredmedia":[{"embeddable":true,"href":"https:\/\/warsztatyumierania.pl\/index.php?rest_route=\/wp\/v2\/media\/1485"}],"wp:attachment":[{"href":"https:\/\/warsztatyumierania.pl\/index.php?rest_route=%2Fwp%2Fv2%2Fmedia&parent=219"}],"curies":[{"name":"wp","href":"https:\/\/api.w.org\/{rel}","templated":true}]}}