{"id":1573,"date":"2022-08-03T17:19:04","date_gmt":"2022-08-03T15:19:04","guid":{"rendered":"https:\/\/warsztatyumierania.pl\/?page_id=1573"},"modified":"2022-08-03T17:22:53","modified_gmt":"2022-08-03T15:22:53","slug":"faq","status":"publish","type":"page","link":"https:\/\/warsztatyumierania.pl\/?page_id=1573","title":{"rendered":"FAQ"},"content":{"rendered":"\n<div class=\"wp-block-group is-vertical is-layout-flex wp-container-core-group-is-layout-8cf370e7 wp-block-group-is-layout-flex\"><\/div>\n\n\n\n<p><strong>W jakiej formie odbywaj\u0105 si\u0119 warsztaty umierania \u2013 on-line, czy twarz\u0105 w twarz?<\/strong><\/p>\n\n\n\n<p>W tym momencie warsztaty umierania najcz\u0119\u015bciej odbywaj\u0105 si\u0119 on-line. Podczas pandemii odrobin\u0119 zmieni\u0142am ich formu\u0142\u0119 i zaadoptowa\u0142am je do wirtualnego \u015bwiata tak, \u017ceby nadal mia\u0142y moc oddzia\u0142ywania.<\/p>\n\n\n\n<p><strong>Jak wygl\u0105daj\u0105 warsztaty umierania on-line i ile trwaj\u0105?<\/strong><\/p>\n\n\n\n<p class=\"has-text-align-left\">Warsztaty&nbsp;trwaj\u0105 oko\u0142o 120 minut (to zale\u017cy od grupy) i odbywaj\u0105 si\u0119 przez aplikacj\u0119 Zoom. Je\u015bli nie macie tej aplikacji, to nie ma problemu \u2013 nie trzeba jej \u015bci\u0105ga\u0107. W dniu&nbsp;warsztat\u00f3w wysy\u0142am link i wystarczy na niego klikn\u0105\u0107. Je\u015bli jednak nigdy nie korzystali\u015bcie z Zoom, to dobrze by by\u0142o sprawdzi\u0107 z kim\u015b z rodziny albo przyjaci\u00f3\u0142, jak dzia\u0142aj\u0105 s\u0142uchawki i mikrofon (albo zrobi\u0107 test na stronie \u2013&nbsp;<a href=\"https:\/\/zoom.us\/test\" target=\"_blank\" rel=\"noreferrer noopener\">https:\/\/zoom.us\/test<\/a>).&nbsp;<\/p>\n\n\n\n<p><strong>Ile kosztuj\u0105 warsztaty umierania przeprowadzane on-line?<\/strong><\/p>\n\n\n\n<p>Warsztaty&nbsp;s\u0105 p\u0142atne, ale jako \u017ce wiem, jak to jest mie\u0107 nieregularne, albo niskie dochody, op\u0142ata za&nbsp;warsztaty&nbsp;jest elastyczna \u2013 wp\u0142acacie kwot\u0119 adekwatn\u0105 do Waszych mo\u017cliwo\u015bci. Numer konta wysy\u0142am&nbsp; w dniu warsztat\u00f3w razem z innymi technicznymi informacjami.&nbsp;<\/p>\n\n\n\n<p><strong>Czy musz\u0119 spe\u0142nia\u0107 jakie\u015b warunki, \u017ceby wzi\u0105\u0107 udzia\u0142 w warsztatach?<\/strong><\/p>\n\n\n\n<p>Nie. W warsztatach mo\u017ce wzi\u0105\u0107 udzia\u0142 ka\u017cdy.<\/p>\n\n\n\n<p><strong>Czy do warsztat\u00f3w umierania musz\u0119 si\u0119 jako\u015b przygotowa\u0107?<\/strong><\/p>\n\n\n\n<p>Tak. O tym, jak to zrobi\u0107 (nie ma tego du\u017co) pisz\u0119 na dwa dni przed samymi warsztatami \u2013 ju\u017c tym, kt\u00f3rzy si\u0119 zapisz\u0105.<\/p>\n\n\n\n<p><strong>Czy podczas warsztat\u00f3w wymagana jest interakcja z innymi uczestnikami?<\/strong><\/p>\n\n\n\n<p>Podczas warsztat\u00f3w jest moment na rozmow\u0119 w grupach i na dyskusj\u0119 na koniec. To cenne do\u015bwiadczenie, bo pozwala spojrze\u0107 na warsztaty z wielu r\u00f3\u017cnych perspektyw i poby\u0107 w nich z innymi lud\u017ami. Ale dzi\u0119ki temu, \u017ce ca\u0142o\u015b\u0107 odbywa si\u0119 wirtualnie, nie musicie wchodzi\u0107 ze sob\u0105 w interakcj\u0119, nie musicie do\u0142\u0105cza\u0107 do dyskusji. To wy decydujecie, jak g\u0142\u0119boko chcecie wej\u015b\u0107 w warsztaty i w rozmowy z innymi lud\u017ami.<\/p>\n\n\n\n<p><strong>Nie dzia\u0142a mi kamera w komputerze, czy mog\u0119 wzi\u0105\u0107 udzia\u0142 w warsztatach?<\/strong><\/p>\n\n\n\n<p>Tak. Lubi\u0119 widzie\u0107 uczestnik\u00f3w, ale jedyne czego tak naprawd\u0119 potrzebujecie do przej\u015bcia przez warsztaty, to dobre \u0142\u0105cze i dzia\u0142aj\u0105ce g\u0142o\u015bniki (oraz ciche miejsce, kt\u00f3re zapewni wam intymno\u015b\u0107 i prywatno\u015b\u0107). Musicie mnie s\u0142ysze\u0107. Tyle wystarczy, cho\u0107 dobrze, \u017ceby\u015bcie mnie widzieli. Natomiast ja nie musz\u0119 widzie\u0107 was.<\/p>\n\n\n\n<p><strong>Czy mog\u0119 zapisa\u0107 si\u0119 na list\u0119 rezerwow\u0105?<\/strong><\/p>\n\n\n\n<p>Z racji tego, \u017ce do warsztat\u00f3w trzeba si\u0119 przygotowa\u0107, nie zapisuj\u0119 nikogo na li\u015bcie rezerwowej. Do warsztat\u00f3w nie mo\u017cna do\u0142\u0105czy\u0107 w ostatniej chwili.<\/p>\n\n\n\n<p>Ale mog\u0119 zapisa\u0107 Twojego maila i wys\u0142a\u0107 Ci wiadomo\u015b\u0107 o kolejnych terminach, jak ju\u017c je ustal\u0119, zanim opublikuj\u0119 je w mediach spo\u0142eczno\u015bciowych.<\/p>\n\n\n\n<p><strong>Kiedy s\u0105 planowane kolejne warsztaty?<\/strong><\/p>\n\n\n\n<p>Warsztaty umierania organizuj\u0119 spontanicznie \u2013 zale\u017cnie od moich zobowi\u0105za\u0144 pisarskich. Zazwyczaj o ich przeprowadzeniu decyduj\u0119 na tydzie\u0144 wcze\u015bniej. Staram si\u0119 przeprowadza\u0107 minimum dwa warsztaty w miesi\u0105cu.<\/p>\n\n\n\n<p><strong>Gdzie mog\u0119 dowiedzie\u0107 si\u0119 o terminach kolejnych warsztat\u00f3w umierania?<\/strong><\/p>\n\n\n\n<p>Najwygodniej wys\u0142a\u0107 wiadomo\u015b\u0107 na maila (warsztatyumierania@gmail.com). Zapisz\u0119 Twojego maila i da\u0107 Ci zna\u0107 o terminach warsztat\u00f3w, jak ju\u017c je ustal\u0119 \u2013 zanim obwieszcz\u0119 je publicznie.<\/p>\n\n\n\n<p>Informacje o terminach og\u0142aszam r\u00f3wnie\u017c Facebooku (https:\/\/www.facebook.com\/KatarzynaBoni).<\/p>\n\n\n\n<p><strong>A je\u015bli w ostatniej chwili musz\u0119 zrezygnowa\u0107 z warsztat\u00f3w?<\/strong><\/p>\n\n\n\n<p>Rozumiem, \u017ce czasem zdarzaj\u0105 si\u0119 nag\u0142e przypadki. Jednak przez ostatnie p\u00f3\u0142 roku prowadzenia warsztat\u00f3w cz\u0119sto zdarza\u0142o si\u0119, \u017ce kto\u015b po prostu o nich zapomina\u0142.<\/p>\n\n\n\n<p>Dlatego wprowadzi\u0142am zasad\u0119, \u017ce je\u015bli kto\u015b zapisze si\u0119 na warsztaty i si\u0119 na nich nie pojawi, i tak musi op\u0142aci\u0107 swoje uczestnictwo \u2013 je\u015bli chce dostawa\u0107 powiadomienia o kolejnych terminach warsztat\u00f3w i m\u00f3c wzi\u0105\u0107 w nich udzia\u0142 w przysz\u0142o\u015bci. Rezygnowa\u0107 z warsztat\u00f3w \u2013 bez \u017cadnych konsekwencji \u2013 mo\u017cna do 24 godzin przed. Dzi\u0119ki temu b\u0119d\u0119 mog\u0142a zaoferowa\u0107 Wasze miejsce komu\u015b innemu, kto jeszcze zd\u0105\u017cy si\u0119 przygotowa\u0107.<\/p>\n\n\n\n<p><strong>Je\u015bli nie ma ju\u017c miejsc, to czy mog\u0119 przygl\u0105da\u0107 si\u0119 warsztatom?<\/strong><\/p>\n\n\n\n<p>Nie, to mija si\u0119 z celem warsztat\u00f3w. Z jednej strony b\u0119dziesz rozprasza\u0107 innych uczestnik\u00f3w, a z drugiej nie ma dla Ciebie sensu ogl\u0105danie warsztat\u00f3w bez mo\u017cliwo\u015bci uczestniczenia w nich.<\/p>\n\n\n\n<p><strong>Czy jest mo\u017cliwo\u015b\u0107 wykupienia udzia\u0142u w warsztatach, ale np. w formie nagrania (dost\u0119pnego tylko przez okre\u015blony czas)?<\/strong><\/p>\n\n\n\n<p>Nie, nie ma takiej mo\u017cliwo\u015bci. Warsztaty nie s\u0105 nagrywane. To bardzo intymne do\u015bwiadczenie i zapewniam uczestnikom prywatno\u015b\u0107.<\/p>\n\n\n\n<p><strong>Czy uczestnicy warsztat\u00f3w dostaj\u0105 certyfikaty?<\/strong><\/p>\n\n\n\n<p>Nie. Warsztaty umierania s\u0105 warsztatami rozwojowymi, kt\u00f3rych celem jest pog\u0142\u0119bienie wiedzy na sw\u00f3j w\u0142asny temat.<\/p>\n\n\n\n<p><strong>Czy s\u0105 planowane warsztaty umierania twarz\u0105 w twarz?<\/strong><\/p>\n\n\n\n<p>Tak, jak najbardziej. Jak tylko b\u0119dzie to ju\u017c mo\u017cliwe, wr\u00f3c\u0119 do organizowania warsztat\u00f3w twarz\u0105 w twarz.<\/p>\n","protected":false},"excerpt":{"rendered":"<p>W jakiej formie odbywaj\u0105 si\u0119 warsztaty umierania \u2013 on-line, czy twarz\u0105 w twarz? W tym momencie warsztaty umierania najcz\u0119\u015bciej odbywaj\u0105 si\u0119 on-line. Podczas pandemii odrobin\u0119 zmieni\u0142am ich formu\u0142\u0119 i zaadoptowa\u0142am je do wirtualnego \u015bwiata tak, \u017ceby nadal mia\u0142y moc oddzia\u0142ywania. Jak wygl\u0105daj\u0105 warsztaty umierania on-line i ile trwaj\u0105? Warsztaty&nbsp;trwaj\u0105 oko\u0142o 120 minut (to zale\u017cy od grupy) i odbywaj\u0105 si\u0119 przez aplikacj\u0119 Zoom. Je\u015bli nie macie tej aplikacji, to nie ma problemu \u2013 nie trzeba jej \u015bci\u0105ga\u0107. W dniu&nbsp;warsztat\u00f3w wysy\u0142am link i wystarczy na niego klikn\u0105\u0107. Je\u015bli jednak nigdy nie korzystali\u015bcie z Zoom, to dobrze by by\u0142o sprawdzi\u0107 z kim\u015b z rodziny albo przyjaci\u00f3\u0142, jak dzia\u0142aj\u0105 s\u0142uchawki i mikrofon (albo zrobi\u0107 test na stronie \u2013&nbsp;https:\/\/zoom.us\/test).&nbsp; Ile kosztuj\u0105 warsztaty umierania przeprowadzane on-line? Warsztaty&nbsp;s\u0105 p\u0142atne, ale jako \u017ce wiem, jak to jest mie\u0107 nieregularne, albo niskie dochody, op\u0142ata [&hellip;]<\/p>\n","protected":false},"author":1,"featured_media":0,"parent":0,"menu_order":0,"comment_status":"closed","ping_status":"closed","template":"","meta":{"footnotes":""},"class_list":["post-1573","page","type-page","status-publish","hentry"],"acf":[],"_links":{"self":[{"href":"https:\/\/warsztatyumierania.pl\/index.php?rest_route=\/wp\/v2\/pages\/1573","targetHints":{"allow":["GET"]}}],"collection":[{"href":"https:\/\/warsztatyumierania.pl\/index.php?rest_route=\/wp\/v2\/pages"}],"about":[{"href":"https:\/\/warsztatyumierania.pl\/index.php?rest_route=\/wp\/v2\/types\/page"}],"author":[{"embeddable":true,"href":"https:\/\/warsztatyumierania.pl\/index.php?rest_route=\/wp\/v2\/users\/1"}],"replies":[{"embeddable":true,"href":"https:\/\/warsztatyumierania.pl\/index.php?rest_route=%2Fwp%2Fv2%2Fcomments&post=1573"}],"version-history":[{"count":5,"href":"https:\/\/warsztatyumierania.pl\/index.php?rest_route=\/wp\/v2\/pages\/1573\/revisions"}],"predecessor-version":[{"id":1581,"href":"https:\/\/warsztatyumierania.pl\/index.php?rest_route=\/wp\/v2\/pages\/1573\/revisions\/1581"}],"wp:attachment":[{"href":"https:\/\/warsztatyumierania.pl\/index.php?rest_route=%2Fwp%2Fv2%2Fmedia&parent=1573"}],"curies":[{"name":"wp","href":"https:\/\/api.w.org\/{rel}","templated":true}]}}